{"id":134,"date":"2020-10-23T22:18:36","date_gmt":"2020-10-23T20:18:36","guid":{"rendered":"http:\/\/solarvelo.ch\/?page_id=134"},"modified":"2024-04-29T15:46:43","modified_gmt":"2024-04-29T13:46:43","slug":"willkommen","status":"publish","type":"page","link":"https:\/\/solarvelo.ch\/","title":{"rendered":"Willkommen"},"content":{"rendered":"\n<p><br><\/p>\n\n\n<div class=\"wp-block-image\">\n<figure class=\"alignright size-full is-resized\"><img loading=\"lazy\" decoding=\"async\" width=\"400\" height=\"575\" src=\"https:\/\/solarvelo.ch\/wp-content\/uploads\/2023\/01\/solarpanel-suntrip-.jpg\" alt=\"\" class=\"wp-image-322\" style=\"width:251px;height:361px\" srcset=\"https:\/\/solarvelo.ch\/wp-content\/uploads\/2023\/01\/solarpanel-suntrip-.jpg 400w, https:\/\/solarvelo.ch\/wp-content\/uploads\/2023\/01\/solarpanel-suntrip--209x300.jpg 209w\" sizes=\"auto, (max-width: 400px) 100vw, 400px\" \/><\/figure><\/div>\n\n\n<p>Es freut mich, dass du meine Website gefunden hast.<br>Ich heisse Daniel Jenni.<br>Es ist mein Fachgebiet E-Bikes mit Solarpaneelen auszur\u00fcsten.<br>Ich biete aber auch die Installation und Projektierung kleiner Inselanlagen an. (Zb. Alph\u00fctte oder Campingbus)<br>Weiter repariere ich auch allerlei Ger\u00e4te oder Maschinen. <\/p>\n\n\n\n<p>Anfragen gerne \u00fcber <a href=\"https:\/\/solarvelo.ch\/?page_id=27\" data-type=\"page\" data-id=\"27\">&#8222;Kontakt&#8220;<\/a><br><\/p>\n\n\n\n<p><\/p>\n\n\n\n<p>\u00dcbung macht den Meister. So konnte ich in den letzten 6 Jahren einige Projekte realisieren. Meine Frau hat mit ihrem Solarvelo bereits 20&#8217;000km zur\u00fcckgelegt und ich insgesamt 40&#8217;000.<\/p>\n\n\n\n<p>Auf meiner Website findest du viel Abenteuerlust und technisches Know-how. Viele Grunds\u00e4tze und habe ich in meinem Wiki niedergeschrieben. Nat\u00fcrlich freue ich mich, wenn du mit mir ein Projekt in Angriff nehmen willst. Wenn Unklarheiten sind, oder im Wiki etwas fehlt, darf gerne gefragt werden. In der kleinen aber feinen Werkstatt im Heimisbach lassen sich verschiedenste Projekte realisieren. Wir haben Fachwissen, Werkzeuge und Maschinen aus den Bereichen Metallverarbeitung, Holzverarbeitung, Lackierausr\u00fcstung, Elektrotechnik, Elektronik, und Heizungstechnik.<br><br>Mein Bruder ist Landmaschinenmechaniker. Druch seine Langj\u00e4hrige Reiset\u00e4tikeit quer durch Afrika, ist er zum Offraoad spezialisten f\u00fcr \u00e4ltere Mercedes 4&#215;4 Busse avanciert. Er macht Service, Spur einstellen, Achsrevisionen, Fahrwerksumbauten, neue Bleche einschweissen, und MFK Bereitstellungen. Gerne leite ich Anfragen weiter.<\/p>\n\n\n\n<p><\/p>\n\n\n<div class=\"wp-block-image\">\n<figure class=\"alignright size-large is-resized\"><img loading=\"lazy\" decoding=\"async\" width=\"1024\" height=\"683\" src=\"https:\/\/solarvelo.ch\/wp-content\/uploads\/2022\/07\/img-5299-scaled-1-1024x683.jpg\" alt=\"Sibylle Felder, Suntrip, coup du coeur\" class=\"wp-image-310\" style=\"width:326px;height:217px\" srcset=\"https:\/\/solarvelo.ch\/wp-content\/uploads\/2022\/07\/img-5299-scaled-1-1024x683.jpg 1024w, https:\/\/solarvelo.ch\/wp-content\/uploads\/2022\/07\/img-5299-scaled-1-300x200.jpg 300w, https:\/\/solarvelo.ch\/wp-content\/uploads\/2022\/07\/img-5299-scaled-1-768x512.jpg 768w, https:\/\/solarvelo.ch\/wp-content\/uploads\/2022\/07\/img-5299-scaled-1-1536x1024.jpg 1536w, https:\/\/solarvelo.ch\/wp-content\/uploads\/2022\/07\/img-5299-scaled-1-2048x1366.jpg 2048w\" sizes=\"auto, (max-width: 767px) 89vw, (max-width: 1000px) 54vw, (max-width: 1071px) 543px, 580px\" \/><figcaption class=\"wp-element-caption\">Prix coup du coeur, von den Teilnehmenden verliehen.<\/figcaption><\/figure><\/div>\n\n\n<p>Meine Frau Sibylle ist letzte Woche (12.Juli 2022) vom Suntrip Alpes zur\u00fcckgekehrt. Der Suntrip Alps f\u00fchrte von Grenoble in die Schweiz, nach <a rel=\"noreferrer noopener\" href=\"https:\/\/www.andermatt-swissalps.ch\/de\/news\/sun-trip-alpes-solarvelorennen-in-andermatt-und-disentis\" target=\"_blank\">Andermatt<\/a>, \u00fcber Innsbruck, nach Slowenien, \u00fcber Norditalien und das val Cenis zur\u00fcck nach Lyon. Mit hin und R\u00fcckreise, fuhr Sibylle fast 4000km \u00fcber 34 P\u00e4sse, welche im Punkte Challenge z\u00e4hlten, und sie nur um wenige Punkte den 3. Rang verfehlte. Eine grossartige Leistung! Bravo =) Ein Gelungener <a rel=\"noreferrer noopener\" href=\"https:\/\/www.thesuntrip.com\/sun-trip-alpes-2022-bientot-le-film\/\" target=\"_blank\">Teaser zum Film<\/a>.<\/p>\n\n\n\n<figure class=\"wp-block-embed is-type-video is-provider-youtube wp-block-embed-youtube wp-embed-aspect-16-9 wp-has-aspect-ratio\"><div class=\"wp-block-embed__wrapper\">\n<iframe loading=\"lazy\" title=\"Sun Trip Alpes 2022 : Le film [FR\/EN]\" width=\"525\" height=\"295\" src=\"https:\/\/www.youtube.com\/embed\/0qZp2Yq_vsk?feature=oembed\" frameborder=\"0\" allow=\"accelerometer; autoplay; clipboard-write; encrypted-media; gyroscope; picture-in-picture; web-share\" referrerpolicy=\"strict-origin-when-cross-origin\" allowfullscreen><\/iframe>\n<\/div><\/figure>\n\n\n\n<p><\/p>\n\n\n\n<p><br><\/p>\n\n\n\n<h1 class=\"wp-block-heading\">Wir sind wider Zuhause, und freuen uns auf neue Projekte.<\/h1>\n\n\n<div class=\"wp-block-image\">\n<figure class=\"alignright size-large is-resized\"><img loading=\"lazy\" decoding=\"async\" width=\"1024\" height=\"768\" src=\"https:\/\/solarvelo.ch\/wp-content\/uploads\/2021\/08\/IMG_20210814_172332.jpg\" alt=\"\" class=\"wp-image-256\" style=\"width:264px;height:197px\" srcset=\"https:\/\/solarvelo.ch\/wp-content\/uploads\/2021\/08\/IMG_20210814_172332.jpg 1024w, https:\/\/solarvelo.ch\/wp-content\/uploads\/2021\/08\/IMG_20210814_172332-300x225.jpg 300w, https:\/\/solarvelo.ch\/wp-content\/uploads\/2021\/08\/IMG_20210814_172332-768x576.jpg 768w\" sizes=\"auto, (max-width: 767px) 89vw, (max-width: 1000px) 54vw, (max-width: 1071px) 543px, 580px\" \/><figcaption class=\"wp-element-caption\">Auf dem Chasseral<\/figcaption><\/figure><\/div>\n\n\n<p>Unsere Hochzeitsreise rund um Europa war ein geniales Abenteuer welches uns zusammengeschweisst hat. Unsere Fahrr\u00e4der haben erneut ihre Leistungsf\u00e4higkeit und Zuverl\u00e4ssigkeit bewiesen. Dank den Solarpanels sind Tagesstrecken von jeweils bis zu 250km ohne leerem Akku am Abend kein Problem. Ein Reisebericht wird folgen.<\/p>\n\n\n\n<figure class=\"wp-block-embed is-type-video is-provider-youtube wp-block-embed-youtube wp-embed-aspect-16-9 wp-has-aspect-ratio\"><div class=\"wp-block-embed__wrapper\">\n<iframe loading=\"lazy\" title=\"Suntrip 2021 11&#039;185km around Europe on 2 solarbikes\" width=\"525\" height=\"295\" src=\"https:\/\/www.youtube.com\/embed\/cEP4ym3UvPk?feature=oembed\" frameborder=\"0\" allow=\"accelerometer; autoplay; clipboard-write; encrypted-media; gyroscope; picture-in-picture; web-share\" referrerpolicy=\"strict-origin-when-cross-origin\" allowfullscreen><\/iframe>\n<\/div><\/figure>\n\n\n\n<p><\/p>\n\n\n\n<p><\/p>\n\n\n\n<p>Bis dahin, lest mein <a href=\"https:\/\/solarvelo.ch\/wp-content\/uploads\/2021\/02\/Fotobuch-Suntrip-2018-Daniel-Jenni-Druckerfreundlich.pdf\">Tagebuch<\/a> von der China Reise oder schaut euch unseren 20 min\u00fctigen Reisebericht unserer Europarundfahrt auf youtube an.<\/p>\n\n\n\n<p><\/p>\n\n\n\n<p>Blogbeitr\u00e4ge findet Ihr Auf der <a href=\"https:\/\/www.thesuntrip.com\/blog-suntrippers\/\">Suntrip- Website<\/a> und unter der Rubrik <a href=\"https:\/\/solarvelo.ch\/?page_id=135\">Beitr\u00e4ge<\/a> bei mir. <\/p>\n\n\n<div class=\"wp-block-image\">\n<figure class=\"alignright size-large is-resized\"><img loading=\"lazy\" decoding=\"async\" width=\"1024\" height=\"640\" src=\"https:\/\/solarvelo.ch\/wp-content\/uploads\/2021\/05\/logo-Suntrip.png\" alt=\"\" class=\"wp-image-215\" style=\"width:258px;height:161px\" srcset=\"https:\/\/solarvelo.ch\/wp-content\/uploads\/2021\/05\/logo-Suntrip.png 1024w, https:\/\/solarvelo.ch\/wp-content\/uploads\/2021\/05\/logo-Suntrip-300x188.png 300w, https:\/\/solarvelo.ch\/wp-content\/uploads\/2021\/05\/logo-Suntrip-768x480.png 768w\" sizes=\"auto, (max-width: 767px) 89vw, (max-width: 1000px) 54vw, (max-width: 1071px) 543px, 580px\" \/><figcaption class=\"wp-element-caption\">www.thesuntrip.com<\/figcaption><\/figure><\/div>\n\n\n<p><\/p>\n\n\n\n<p><\/p>\n\n\n\n<p><\/p>\n\n\n\n<p><\/p>\n\n\n\n<p><br>Zu zweit ist man weniger Alleine\u2026. In den letzten Monaten haben wir uns zwei leistungsstarke Solarvelos gebaut mit welchen wir am Suntrip 2021 teilnehmen. &nbsp;Unsere Hochzeitsreise welche uns rund um Europa f\u00fchren wird, dauert von Anfang Juni bis Ende August. Deshalb kann ich in dieser Zeit keine Auftr\u00e4ge entgegennehmen.<\/p>\n\n\n\n<p>Daf\u00fcr kann man aber das Fotobuch von meiner <a href=\"https:\/\/solarvelo.ch\/wp-content\/uploads\/2021\/02\/Fotobuch-Suntrip-2018-Daniel-Jenni-Druckerfreundlich.pdf\">Solarveloreise nach China (2018)<\/a> lesen oder uns auf der <a href=\"http:\/\/www.thesuntrip.com\">Live Map vom Suntrip<\/a> folgen.<\/p>\n\n\n\n<p>Sonnige Gr\u00fcsse!<\/p>\n\n\n\n<p>Daniel Jenni<\/p>\n\n\n\n<figure class=\"wp-block-image size-large\"><img loading=\"lazy\" decoding=\"async\" width=\"1024\" height=\"683\" src=\"https:\/\/solarvelo.ch\/wp-content\/uploads\/2021\/04\/DSC05371.jpg\" alt=\"\" class=\"wp-image-203\" srcset=\"https:\/\/solarvelo.ch\/wp-content\/uploads\/2021\/04\/DSC05371.jpg 1024w, https:\/\/solarvelo.ch\/wp-content\/uploads\/2021\/04\/DSC05371-300x200.jpg 300w, https:\/\/solarvelo.ch\/wp-content\/uploads\/2021\/04\/DSC05371-768x512.jpg 768w\" sizes=\"auto, (max-width: 767px) 89vw, (max-width: 1000px) 54vw, (max-width: 1071px) 543px, 580px\" \/><\/figure>\n","protected":false},"excerpt":{"rendered":"<p>Es freut mich, dass du meine Website gefunden hast.Ich heisse Daniel Jenni.Es ist mein Fachgebiet E-Bikes mit Solarpaneelen auszur\u00fcsten.Ich biete aber auch die Installation und Projektierung kleiner Inselanlagen an. (Zb. Alph\u00fctte oder Campingbus)Weiter repariere ich auch allerlei Ger\u00e4te oder Maschinen. Anfragen gerne \u00fcber &#8222;Kontakt&#8220; \u00dcbung macht den Meister. So konnte ich in den letzten 6 &hellip; <\/p>\n<p class=\"link-more\"><a href=\"https:\/\/solarvelo.ch\/\" class=\"more-link\"><span class=\"screen-reader-text\">\u201eWillkommen\u201c<\/span> weiterlesen<\/a><\/p>\n","protected":false},"author":1,"featured_media":0,"parent":0,"menu_order":0,"comment_status":"closed","ping_status":"closed","template":"","meta":{"footnotes":""},"class_list":["post-134","page","type-page","status-publish","hentry"],"_links":{"self":[{"href":"https:\/\/solarvelo.ch\/index.php?rest_route=\/wp\/v2\/pages\/134","targetHints":{"allow":["GET"]}}],"collection":[{"href":"https:\/\/solarvelo.ch\/index.php?rest_route=\/wp\/v2\/pages"}],"about":[{"href":"https:\/\/solarvelo.ch\/index.php?rest_route=\/wp\/v2\/types\/page"}],"author":[{"embeddable":true,"href":"https:\/\/solarvelo.ch\/index.php?rest_route=\/wp\/v2\/users\/1"}],"replies":[{"embeddable":true,"href":"https:\/\/solarvelo.ch\/index.php?rest_route=%2Fwp%2Fv2%2Fcomments&post=134"}],"version-history":[{"count":20,"href":"https:\/\/solarvelo.ch\/index.php?rest_route=\/wp\/v2\/pages\/134\/revisions"}],"predecessor-version":[{"id":330,"href":"https:\/\/solarvelo.ch\/index.php?rest_route=\/wp\/v2\/pages\/134\/revisions\/330"}],"wp:attachment":[{"href":"https:\/\/solarvelo.ch\/index.php?rest_route=%2Fwp%2Fv2%2Fmedia&parent=134"}],"curies":[{"name":"wp","href":"https:\/\/api.w.org\/{rel}","templated":true}]}}