{"id":161,"date":"2020-11-26T22:10:17","date_gmt":"2020-11-26T21:10:17","guid":{"rendered":"http:\/\/solarvelo.ch\/?page_id=161"},"modified":"2021-09-22T21:52:10","modified_gmt":"2021-09-22T19:52:10","slug":"suntrip-2021","status":"publish","type":"page","link":"https:\/\/solarvelo.ch\/?page_id=161","title":{"rendered":"Suntrip 2021"},"content":{"rendered":"\n<p>Wir freuen uns, dass wir mit diesem Video ein paar Eindr\u00fccke zu unserer Reise weitergeben k\u00f6nnen. Danke an alle die uns in irgend einer Weise unterst\u00fctzt haben! <\/p>\n\n\n\n<figure class=\"wp-block-embed is-type-video is-provider-youtube wp-block-embed-youtube wp-embed-aspect-16-9 wp-has-aspect-ratio\"><div class=\"wp-block-embed__wrapper\">\n<iframe loading=\"lazy\" title=\"Suntrip 2021 11&#039;185km around Europe on 2 solarbikes\" width=\"525\" height=\"295\" src=\"https:\/\/www.youtube.com\/embed\/cEP4ym3UvPk?feature=oembed\" frameborder=\"0\" allow=\"accelerometer; autoplay; clipboard-write; encrypted-media; gyroscope; picture-in-picture; web-share\" referrerpolicy=\"strict-origin-when-cross-origin\" allowfullscreen><\/iframe>\n<\/div><\/figure>\n\n\n\n<p>Dass wir den Special Award gewonnen haben, ehrt uns sehr! Danke an die Suntrip Organisation und die Jury!<\/p>\n\n\n\n<p><a href=\"https:\/\/solarvelo.ch\/?p=259\" data-type=\"URL\" data-id=\"https:\/\/solarvelo.ch\/?p=259\" target=\"_blank\" rel=\"noreferrer noopener\">Zahlen und Statistik<\/a> (Eine gute Hilfe f\u00fcr alle die selber \u00fcber ein Solarvelo nachdenken)<\/p>\n\n\n\n<figure class=\"wp-block-image\"><img decoding=\"async\" src=\"https:\/\/www.thesuntrip.com\/wp-content\/uploads\/2021\/09\/1-724x1024.jpg\" alt=\"\" class=\"wp-image-14986\"\/><\/figure>\n\n\n\n<p>Auf der Suntrip-Website sind noch weitere <a rel=\"noreferrer noopener\" href=\"https:\/\/www.thesuntrip.com\/author\/daniel-jenni\/\" data-type=\"URL\" data-id=\"https:\/\/www.thesuntrip.com\/author\/daniel-jenni\/\" target=\"_blank\">Beitr\u00e4ge von uns<\/a> zu lesen. (Englisch und oder Franz\u00f6sisch)<\/p>\n\n\n\n<p>Auch ist das<a href=\"https:\/\/www.thesuntrip.com\/bilan-st-europe\/\" data-type=\"URL\" data-id=\"https:\/\/www.thesuntrip.com\/bilan-st-europe\/\" target=\"_blank\" rel=\"noreferrer noopener\"> &#8222;Grand Resum\u00e9&#8220;<\/a> gemacht und einige haben bereits erste Zahlen ver\u00f6ffentlicht.<\/p>\n\n\n\n<figure class=\"wp-block-image size-large\"><img loading=\"lazy\" decoding=\"async\" width=\"1024\" height=\"569\" src=\"https:\/\/solarvelo.ch\/wp-content\/uploads\/2020\/11\/route-suntrip-2021.jpg\" alt=\"\" class=\"wp-image-163\" srcset=\"https:\/\/solarvelo.ch\/wp-content\/uploads\/2020\/11\/route-suntrip-2021.jpg 1024w, https:\/\/solarvelo.ch\/wp-content\/uploads\/2020\/11\/route-suntrip-2021-300x167.jpg 300w, https:\/\/solarvelo.ch\/wp-content\/uploads\/2020\/11\/route-suntrip-2021-768x427.jpg 768w\" sizes=\"auto, (max-width: 767px) 89vw, (max-width: 1000px) 54vw, (max-width: 1071px) 543px, 580px\" \/><figcaption>www.thesuntrip.com<\/figcaption><\/figure>\n\n\n\n<p>Wieder am Suntrip mitfahren, das w\u00e4re schon was, so hat mich die Teilnahme f\u00fcr 2020 bereits gekizelt aber ich habe mich dagegen entschieden. Mit heutigem Wissen, besser so. Aufgrund der neuen Weltordung findet der Suntrip 2021 realistischerweise in Europa statt. Europa bietet so viele spannende L\u00e4nder Sprachen und Kulturen.<\/p>\n\n\n\n<p>Von unten nach oben lesen \ud83d\ude09<\/p>\n\n\n\n<h1 class=\"wp-block-heading\">Juhiii =) Unsere Fahrr\u00e4der sind fertig!<\/h1>\n\n\n\n<p>Am Sonntag 25.Mai haben wir die Schutzfolie auf unseren Panels entfernt. Damit erkl\u00e4ren wir unsere Fahrr\u00e4der nun offiziell als fertig. Die letzten Monate waren mit viel Arbeit gef\u00fcllt. Letzter stand war ja, dass mein Fahrrad eine Aufnahme f\u00fcr das Dach erhalten hat und diese auch nicht schlecht fahrbar war. Testen war angesagt. Doch es kam anders.<\/p>\n\n\n\n<figure class=\"wp-block-embed is-type-video is-provider-youtube wp-block-embed-youtube wp-embed-aspect-16-9 wp-has-aspect-ratio\"><div class=\"wp-block-embed__wrapper\">\n<iframe loading=\"lazy\" title=\"Our Solar bikes for the Suntrip 2021 are finished\" width=\"525\" height=\"295\" src=\"https:\/\/www.youtube.com\/embed\/JcpCUR1WlSg?feature=oembed\" frameborder=\"0\" allow=\"accelerometer; autoplay; clipboard-write; encrypted-media; gyroscope; picture-in-picture; web-share\" referrerpolicy=\"strict-origin-when-cross-origin\" allowfullscreen><\/iframe>\n<\/div><\/figure>\n\n\n\n<p>Die Schlittenfahrt an Silvester endete mit einem zertr\u00fcmmerten Lendenwirbel f\u00fcr mich.&nbsp; Wir sind&nbsp; beim runterrodeln von der gedachten Fahrtrichtung abgekommen und ich bin als erster in vollem Garacho \u00fcber eine ca. 2.5m hohe steile Wegb\u00f6schung geflogen und vermutlich mit einer Arschbombe gelandet. Naja\u2026 Mit Hilfe sind wir nach Hause gekommen und&nbsp; ich habe es ins Bett geschafft. Schlussendlich wurde ich am n\u00e4chsten Nachmittag von der Ambulanz abgeholt da ich nicht mehr aufsitzen konnte. Das CT in Langnau zeigte das Ausmass des Schadens und die gleiche Ambulanz brachte mich nach Bern in den Sonnenhof. Der Rettungssanit\u00e4ter sagte, dass er nicht geglaubt hatte dass es so schlimm ist. Da habe ich Gl\u00fcck im Ungl\u00fcck und einen Riesen Schutzengel dazu.<\/p>\n\n\n\n<p>Unglaublich, 6 Wochen nach den 2 Operationen durfte ich mich wider vorsichtig aufs Fahrrad setzen. Damit war die Zeit vom B\u00fccherlesen und Filme schauen vorbei. Vorsichtig wagte ich mich wieder in die Werkstatt wo ich mich mit der Aufnahme f\u00fcr Sibylles Fahrrad besch\u00e4ftigte.<\/p>\n\n\n\n<figure class=\"wp-block-embed is-type-video is-provider-youtube wp-block-embed-youtube wp-embed-aspect-16-9 wp-has-aspect-ratio\"><div class=\"wp-block-embed__wrapper\">\n<iframe loading=\"lazy\" title=\"old belt driven turning lathe,\" width=\"525\" height=\"295\" src=\"https:\/\/www.youtube.com\/embed\/o7e80ltTv2I?feature=oembed\" frameborder=\"0\" allow=\"accelerometer; autoplay; clipboard-write; encrypted-media; gyroscope; picture-in-picture; web-share\" referrerpolicy=\"strict-origin-when-cross-origin\" allowfullscreen><\/iframe>\n<\/div><\/figure>\n\n\n\n<p>Sibylle musste sich nun auch nicht mehr so um den Haushalt k\u00fcmmern und baute an der 1. Gep\u00e4ckbox weiter so dass wir bald mal den Stoff kleben konnten. Ich t\u00fcftelte noch an der Idee f\u00fcr die vorderen Gep\u00e4ckboxen. Diese sind mit einer schr\u00e4gen Klemmung (Prinzip alter Fahrradlenker) unten in den Gabelschaft montiert und oben mit zwei Schellen am Lenker befestigt. Die Box selbst ist ein Winkel mit einer Querstrebe und die Aussenhaut wird mit Stoff \u00fcber Glasfaserst\u00e4bchen gebildet. Der Wickelfischverschluss oben macht das Ganze noch wetterfest.<\/p>\n\n\n\n<p>Die ganzen Anpassungen f\u00fcr die Gep\u00e4ckbox und sind an meinem Fahrrad passiert daher ging bei dem von Sibylle alles etwas schneller.<\/p>\n\n\n\n<p>F\u00fcr die Elektronik brauchte ich an meinem Fahrrad nicht mehr alles anzupassen. Der VESC Motorcontroller war bereits drin, so mussten nur die zwei Solarladeregler der Hall- Messshunt und die diversesten DC\/DC Wandler verbaut werden. (Beleuchtung 12v Versorgung)&nbsp; Viel Hirnschmalz verbrauchte auch die Integration der Databox. Die Databox sammelt f\u00fcr die Auswertung des Suntrip. Strom von Motor und Panel und speichert GPS Positionen und Geschwindigkeit. Da beim Speedped der Kabelsalat sch\u00f6n in der Akkubox versteckt ist, kann man nicht einen grossen Klotz(Messhunt) mit einem Kabel ohne Steckverbindung durch das kleine Durchf\u00fchrungsloch der Ladebuchse f\u00e4deln. Mit dem Solarstrom muss ich eh zuerst aus der Box raus, damit ein Gegenseitiges Laden der Fahrr\u00e4der m\u00f6glich ist. Mit den Motorkabeln wo sehr hohe Spitzenstr\u00f6me fliessen wollte ich diesen Umweg nicht in Kauf nehmen weshalb ich selber einen Shunt verbaut habe und die Versorgung der Databox und die Messleitungen in die Gep\u00e4ckbox verlegt habe. Zudem sind mir die Conandersson Stecker wegen Kontaktproblemen immer wie unsympathischer.<\/p>\n\n\n\n<p>Unsere beiden kleinen Akkus (1000wh) habe ich erst gebaut, als klar war dass wir starten werden, denn sie sind das teuerste teil was spezifisch f\u00fcr den Suntrip gebraucht wird. Normalerweise haben wir gr\u00f6ssere Akkus in unseren Velos.<\/p>\n\n\n\n<p>Das Fahrrad von Sibylle hat auch einen neuen Radsatz bekommen. Die alten R\u00e4der waren nicht schlecht, hatten aber doch schon ca. 25\u2018000km auf dem Buckel.<\/p>\n\n\n\n<p>Als Windschutzscheibe habe ich einen Zipper. Zipper ist die Marke f\u00fcr Bike Fairings f\u00fcr Fahrr\u00e4der. Made in USA. Da mein Onkel nur noch ein St\u00fcck an Lager hatte und der Preis und das Shipping f\u00fcr einen zweiten unverh\u00e4ltnism\u00e4ssig teuer gewesen w\u00e4re, haben wir mit dem Heissluftf\u00f6hn aus einer flachen PC (Polycarbonat) platte von ca. 1mm Dicke selber eine runde Scheibe gemacht. Mit erfreulich gutem Resultat.<\/p>\n\n\n\n<p>Testfahrten haben wir nat\u00fcrlich auch schon einige unternommen. Bis die Gep\u00e4ckbox von Sibylle auch fertig war und ich den grossen Akku ausgebaut hatte, waren die Laderegler einfach in einem Karton im Gep\u00e4ckkorb.<\/p>\n\n\n\n<h2 class=\"wp-block-heading\"><strong>Video von der ersten Probefahrt<\/strong><\/h2>\n\n\n\n<figure class=\"wp-block-embed is-type-video is-provider-youtube wp-block-embed-youtube wp-embed-aspect-16-9 wp-has-aspect-ratio\"><div class=\"wp-block-embed__wrapper\">\n<iframe loading=\"lazy\" title=\"Konstruktion neues Solarbike f\u00fcr den Suntrip 2021 (480Wp)\" width=\"525\" height=\"295\" src=\"https:\/\/www.youtube.com\/embed\/s-EiYP2KR54?feature=oembed\" frameborder=\"0\" allow=\"accelerometer; autoplay; clipboard-write; encrypted-media; gyroscope; picture-in-picture; web-share\" referrerpolicy=\"strict-origin-when-cross-origin\" allowfullscreen><\/iframe>\n<\/div><\/figure>\n\n\n\n<p><\/p>\n\n\n\n<div class=\"wp-block-buttons is-layout-flex wp-block-buttons-is-layout-flex\">\n<div class=\"wp-block-button\"><a class=\"wp-block-button__link\" href=\"https:\/\/www.thesuntrip.com\/sun-trip-europe-2021\/\" target=\"_blank\" rel=\"noreferrer noopener\">Mehr zum Suntrip Europe<\/a><\/div>\n<\/div>\n\n\n\n<h2 class=\"wp-block-heading\"><strong>Unsere Panels sind Fertig!<\/strong> <\/h2>\n\n\n\n<p>Juhuii endlich sind unsere Panels soweit fertig, dass wir an der Aufnahme am Fahrrad bauen k\u00f6nnen.  Gesamtgewicht: 12.9kg <\/p>\n\n\n\n<figure class=\"wp-block-image size-large is-resized\"><img loading=\"lazy\" decoding=\"async\" src=\"https:\/\/solarvelo.ch\/wp-content\/uploads\/2020\/12\/really-big-solar-panels.jpg\" alt=\"\" class=\"wp-image-176\" width=\"263\" height=\"350\" srcset=\"https:\/\/solarvelo.ch\/wp-content\/uploads\/2020\/12\/really-big-solar-panels.jpg 768w, https:\/\/solarvelo.ch\/wp-content\/uploads\/2020\/12\/really-big-solar-panels-225x300.jpg 225w\" sizes=\"auto, (max-width: 263px) 100vw, 263px\" \/><\/figure>\n\n\n\n<figure class=\"wp-block-image size-large\"><img loading=\"lazy\" decoding=\"async\" width=\"1024\" height=\"768\" src=\"https:\/\/solarvelo.ch\/wp-content\/uploads\/2020\/12\/our-finished-solar-panels.jpg\" alt=\"\" class=\"wp-image-177\" srcset=\"https:\/\/solarvelo.ch\/wp-content\/uploads\/2020\/12\/our-finished-solar-panels.jpg 1024w, https:\/\/solarvelo.ch\/wp-content\/uploads\/2020\/12\/our-finished-solar-panels-300x225.jpg 300w, https:\/\/solarvelo.ch\/wp-content\/uploads\/2020\/12\/our-finished-solar-panels-768x576.jpg 768w\" sizes=\"auto, (max-width: 767px) 89vw, (max-width: 1000px) 54vw, (max-width: 1071px) 543px, 580px\" \/><\/figure>\n\n\n\n<figure class=\"wp-block-image size-large is-resized\"><img loading=\"lazy\" decoding=\"async\" src=\"https:\/\/solarvelo.ch\/wp-content\/uploads\/2020\/12\/a-purposly-flexible-frame.jpg\" alt=\"\" class=\"wp-image-186\" width=\"474\" height=\"355\" srcset=\"https:\/\/solarvelo.ch\/wp-content\/uploads\/2020\/12\/a-purposly-flexible-frame.jpg 1024w, https:\/\/solarvelo.ch\/wp-content\/uploads\/2020\/12\/a-purposly-flexible-frame-300x225.jpg 300w, https:\/\/solarvelo.ch\/wp-content\/uploads\/2020\/12\/a-purposly-flexible-frame-768x576.jpg 768w\" sizes=\"auto, (max-width: 474px) 100vw, 474px\" \/><figcaption>Super Flexibel. Dank den weichen Querverbindern auf denen die Zellen mittels Gummipuffer angschraubt sind, ist der Rahmen flexibel ohne die Kraft in grossem Masse auf die Carbon Rahmen mit den Zellen weiterzugeben.<\/figcaption><\/figure>\n\n\n\n<figure class=\"wp-block-image size-large is-resized\"><img loading=\"lazy\" decoding=\"async\" src=\"https:\/\/solarvelo.ch\/wp-content\/uploads\/2020\/12\/sperrholz-und-carbon-epoxi-leimbinder-rotated.jpg\" alt=\"\" class=\"wp-image-178\" width=\"505\" height=\"672\" srcset=\"https:\/\/solarvelo.ch\/wp-content\/uploads\/2020\/12\/sperrholz-und-carbon-epoxi-leimbinder-rotated.jpg 768w, https:\/\/solarvelo.ch\/wp-content\/uploads\/2020\/12\/sperrholz-und-carbon-epoxi-leimbinder-225x300.jpg 225w\" sizes=\"auto, (max-width: 505px) 100vw, 505px\" \/><figcaption>Vorbereiten der Sperrholz Binder welche die Seitenprofile bilden. Zur Verst\u00e4rkung mit Carbonfasern oben und unten. Hat relativ viel Epoxi mit Zugabe von etwas Balloons gebraucht.<\/figcaption><\/figure>\n\n\n\n<figure class=\"wp-block-image size-large is-resized\"><img loading=\"lazy\" decoding=\"async\" src=\"https:\/\/solarvelo.ch\/wp-content\/uploads\/2020\/12\/soft-frame-for-our-solar-panels-rotated.jpg\" alt=\"\" class=\"wp-image-180\" width=\"449\" height=\"336\" srcset=\"https:\/\/solarvelo.ch\/wp-content\/uploads\/2020\/12\/soft-frame-for-our-solar-panels-rotated.jpg 1024w, https:\/\/solarvelo.ch\/wp-content\/uploads\/2020\/12\/soft-frame-for-our-solar-panels-300x225.jpg 300w, https:\/\/solarvelo.ch\/wp-content\/uploads\/2020\/12\/soft-frame-for-our-solar-panels-768x576.jpg 768w\" sizes=\"auto, (max-width: 449px) 100vw, 449px\" \/><figcaption>Auch der gesamte Rahmen wird mit Epoxi bepinselt. Zu sehen sind auch die Hauptverbinder mit 2 Carbon St\u00e4ben wo die Aufnahme vom Velo her befestigt wird.<\/figcaption><\/figure>\n\n\n\n<figure class=\"wp-block-image size-large is-resized\"><img loading=\"lazy\" decoding=\"async\" src=\"https:\/\/solarvelo.ch\/wp-content\/uploads\/2020\/12\/versuch-einer-mittelstrebe.jpg\" alt=\"\" class=\"wp-image-181\" width=\"243\" height=\"181\" srcset=\"https:\/\/solarvelo.ch\/wp-content\/uploads\/2020\/12\/versuch-einer-mittelstrebe.jpg 1024w, https:\/\/solarvelo.ch\/wp-content\/uploads\/2020\/12\/versuch-einer-mittelstrebe-300x225.jpg 300w, https:\/\/solarvelo.ch\/wp-content\/uploads\/2020\/12\/versuch-einer-mittelstrebe-768x576.jpg 768w\" sizes=\"auto, (max-width: 243px) 100vw, 243px\" \/><figcaption>R\u00fcckschritte geh\u00f6ren auch zum Bauen. Dieser Mitteltr\u00e4ger hat sich nicht bew\u00e4hrt. Zu flexibel.<\/figcaption><\/figure>\n\n\n\n<h2 class=\"wp-block-heading\"><strong>Warum wir am Suntrip mitfahren&#8230;.<\/strong><\/h2>\n\n\n\n<figure class=\"wp-block-image size-large is-resized\"><img loading=\"lazy\" decoding=\"async\" src=\"https:\/\/solarvelo.ch\/wp-content\/uploads\/2020\/11\/Daniel-Jenni-Sibylle-Felder-838x1024.jpg\" alt=\"\" class=\"wp-image-162\" width=\"523\" height=\"639\" srcset=\"https:\/\/solarvelo.ch\/wp-content\/uploads\/2020\/11\/Daniel-Jenni-Sibylle-Felder-838x1024.jpg 838w, https:\/\/solarvelo.ch\/wp-content\/uploads\/2020\/11\/Daniel-Jenni-Sibylle-Felder-246x300.jpg 246w, https:\/\/solarvelo.ch\/wp-content\/uploads\/2020\/11\/Daniel-Jenni-Sibylle-Felder-768x938.jpg 768w, https:\/\/solarvelo.ch\/wp-content\/uploads\/2020\/11\/Daniel-Jenni-Sibylle-Felder-1258x1536.jpg 1258w, https:\/\/solarvelo.ch\/wp-content\/uploads\/2020\/11\/Daniel-Jenni-Sibylle-Felder-1677x2048.jpg 1677w, https:\/\/solarvelo.ch\/wp-content\/uploads\/2020\/11\/Daniel-Jenni-Sibylle-Felder.jpg 1707w\" sizes=\"auto, (max-width: 523px) 100vw, 523px\" \/><figcaption>Unser Profilfoto<\/figcaption><\/figure>\n\n\n\n<p>&#8222;Komm, wir machen den Suntrip zusammen. Ich fahre mit einem Seitenwagen an deinem Velo mit!&#8220; sagte Sibylle und lachte. Ich fand die Idee mit dem Seitenwagen etwas doof, aber nicht desto trotz, meldeten wir uns 2 Tage sp\u00e4ter f\u00fcr das Abenteuer an. Den Seitenwagen wird es nat\u00fcrlich nicht gebenen, aber 2 sch\u00f6ne Speedped welche mit einem riesigen Solardach gedeckt sind. <\/p>\n\n\n\n<figure class=\"wp-block-image size-large\"><img loading=\"lazy\" decoding=\"async\" width=\"1024\" height=\"768\" src=\"https:\/\/solarvelo.ch\/wp-content\/uploads\/2020\/11\/solarbike-plan-new-panel.jpg\" alt=\"\" class=\"wp-image-164\" srcset=\"https:\/\/solarvelo.ch\/wp-content\/uploads\/2020\/11\/solarbike-plan-new-panel.jpg 1024w, https:\/\/solarvelo.ch\/wp-content\/uploads\/2020\/11\/solarbike-plan-new-panel-300x225.jpg 300w, https:\/\/solarvelo.ch\/wp-content\/uploads\/2020\/11\/solarbike-plan-new-panel-768x576.jpg 768w\" sizes=\"auto, (max-width: 767px) 89vw, (max-width: 1000px) 54vw, (max-width: 1071px) 543px, 580px\" \/><figcaption>So wird das neue Dach: 3x158Wp. Der Rote Stift zeigt den Achsmittelpunkt und der Gelbe den Panelmittelpunkt.<br>(Da das Dach vor dem Fahrrad liegt, wirkt es monstr\u00f6ser als es ist)<\/figcaption><\/figure>\n\n\n\n<p>Wir sind nun fleissig am bauen. Bis Ende Jahr wird das Dach fertig. Die Verarbeitung von Carbon ist stundenintensiv. Zuschneiden, D\u00fcbel einkleben und dann verschrauben oder mit Sekundenkleber heften. Nacher werden alle Verbindungsstellen mir Carbon Roving (Schnur) verst\u00e4rkt, diese zus\u00e4tzlich noch mit Bindfaden umwickelt und dann endlich mit Epoxidharz dick eingepinselt. Na\u00fcrlich m\u00fcssen auch noch d\u00fcnne Stahl oder Alumium Platten angewickelt werden wo dann die Gummipuffer welche die Verbindung auf den Haupttragrahmen machen angeschraubt werden.<\/p>\n\n\n\n<figure class=\"wp-block-image size-large is-resized\"><img loading=\"lazy\" decoding=\"async\" src=\"https:\/\/solarvelo.ch\/wp-content\/uploads\/2020\/11\/carbon-rods.jpg\" alt=\"\" class=\"wp-image-165\" width=\"326\" height=\"244\" srcset=\"https:\/\/solarvelo.ch\/wp-content\/uploads\/2020\/11\/carbon-rods.jpg 1024w, https:\/\/solarvelo.ch\/wp-content\/uploads\/2020\/11\/carbon-rods-300x225.jpg 300w, https:\/\/solarvelo.ch\/wp-content\/uploads\/2020\/11\/carbon-rods-768x576.jpg 768w\" sizes=\"auto, (max-width: 326px) 100vw, 326px\" \/><\/figure>\n\n\n\n<figure class=\"wp-block-image size-large is-resized\"><img loading=\"lazy\" decoding=\"async\" src=\"https:\/\/solarvelo.ch\/wp-content\/uploads\/2020\/11\/Skizzen-zur-verstaedigung-rotated.jpg\" alt=\"\" class=\"wp-image-166\" width=\"295\" height=\"392\" srcset=\"https:\/\/solarvelo.ch\/wp-content\/uploads\/2020\/11\/Skizzen-zur-verstaedigung-rotated.jpg 768w, https:\/\/solarvelo.ch\/wp-content\/uploads\/2020\/11\/Skizzen-zur-verstaedigung-225x300.jpg 225w\" sizes=\"auto, (max-width: 295px) 100vw, 295px\" \/><figcaption>Teamwork. Oft braucht es skizzen dass wir uns im Kopf das gleiche vorstellen und Ideen geteilt werden k\u00f6nnen.<\/figcaption><\/figure>\n\n\n\n<figure class=\"wp-block-image size-large is-resized\"><img loading=\"lazy\" decoding=\"async\" src=\"https:\/\/solarvelo.ch\/wp-content\/uploads\/2020\/11\/Sunset-Lueg-im-Emmental.jpg\" alt=\"\" class=\"wp-image-167\" width=\"674\" height=\"505\" srcset=\"https:\/\/solarvelo.ch\/wp-content\/uploads\/2020\/11\/Sunset-Lueg-im-Emmental.jpg 1024w, https:\/\/solarvelo.ch\/wp-content\/uploads\/2020\/11\/Sunset-Lueg-im-Emmental-300x225.jpg 300w, https:\/\/solarvelo.ch\/wp-content\/uploads\/2020\/11\/Sunset-Lueg-im-Emmental-768x576.jpg 768w\" sizes=\"auto, (max-width: 674px) 100vw, 674px\" \/><figcaption>Auch Entspannung geh\u00f6rt dazu: Beim Fondue auf der Lueg<\/figcaption><\/figure>\n\n\n\n<figure class=\"wp-block-image size-large\"><img loading=\"lazy\" decoding=\"async\" width=\"1024\" height=\"768\" src=\"https:\/\/solarvelo.ch\/wp-content\/uploads\/2020\/11\/solar-roof-185-wp.jpg\" alt=\"\" class=\"wp-image-168\" srcset=\"https:\/\/solarvelo.ch\/wp-content\/uploads\/2020\/11\/solar-roof-185-wp.jpg 1024w, https:\/\/solarvelo.ch\/wp-content\/uploads\/2020\/11\/solar-roof-185-wp-300x225.jpg 300w, https:\/\/solarvelo.ch\/wp-content\/uploads\/2020\/11\/solar-roof-185-wp-768x576.jpg 768w\" sizes=\"auto, (max-width: 767px) 89vw, (max-width: 1000px) 54vw, (max-width: 1071px) 543px, 580px\" \/><figcaption>Nebs dem Suntrip Projekt l\u00e4uft auch die Produktion weiter: 185Watt Solardach unter 5kg Gesamtgewicht<\/figcaption><\/figure>\n\n\n\n<figure class=\"wp-block-image size-large\"><img loading=\"lazy\" decoding=\"async\" width=\"1024\" height=\"768\" src=\"https:\/\/solarvelo.ch\/wp-content\/uploads\/2020\/11\/panel-frames-for-our-solar-bikes.jpg\" alt=\"\" class=\"wp-image-169\" srcset=\"https:\/\/solarvelo.ch\/wp-content\/uploads\/2020\/11\/panel-frames-for-our-solar-bikes.jpg 1024w, https:\/\/solarvelo.ch\/wp-content\/uploads\/2020\/11\/panel-frames-for-our-solar-bikes-300x225.jpg 300w, https:\/\/solarvelo.ch\/wp-content\/uploads\/2020\/11\/panel-frames-for-our-solar-bikes-768x576.jpg 768w\" sizes=\"auto, (max-width: 767px) 89vw, (max-width: 1000px) 54vw, (max-width: 1071px) 543px, 580px\" \/><figcaption>Endlich: Alle 6 Rahmen f\u00fcr unsere 2 Velos sind fertig. \u00dcber Nacht aush\u00e4rten lassen und am N\u00e4chsten Tag die Zellen aufkleben.<\/figcaption><\/figure>\n\n\n\n<p>Derweil sind wir noch auf Sponsorensuche. Wir m\u00f6chten einen Hauptsponsor dessen Farben wir mit Stolz duch ganz Europa fahren k\u00f6nnen. Zus\u00e4tzlich zum Suntrip Sponosring Paket bieten wir auch einen Reisevortrag und zb. Pr\u00e4senz auf einer Ausstellung oder Event an. Wir sind an Anfragen Interessiert. Danke.<\/p>\n","protected":false},"excerpt":{"rendered":"<p>Wir freuen uns, dass wir mit diesem Video ein paar Eindr\u00fccke zu unserer Reise weitergeben k\u00f6nnen. Danke an alle die uns in irgend einer Weise unterst\u00fctzt haben! Dass wir den Special Award gewonnen haben, ehrt uns sehr! Danke an die Suntrip Organisation und die Jury! Zahlen und Statistik (Eine gute Hilfe f\u00fcr alle die selber &hellip; <\/p>\n<p class=\"link-more\"><a href=\"https:\/\/solarvelo.ch\/?page_id=161\" class=\"more-link\"><span class=\"screen-reader-text\">\u201eSuntrip 2021\u201c<\/span> weiterlesen<\/a><\/p>\n","protected":false},"author":1,"featured_media":0,"parent":0,"menu_order":0,"comment_status":"closed","ping_status":"closed","template":"","meta":{"footnotes":""},"class_list":["post-161","page","type-page","status-publish","hentry"],"_links":{"self":[{"href":"https:\/\/solarvelo.ch\/index.php?rest_route=\/wp\/v2\/pages\/161","targetHints":{"allow":["GET"]}}],"collection":[{"href":"https:\/\/solarvelo.ch\/index.php?rest_route=\/wp\/v2\/pages"}],"about":[{"href":"https:\/\/solarvelo.ch\/index.php?rest_route=\/wp\/v2\/types\/page"}],"author":[{"embeddable":true,"href":"https:\/\/solarvelo.ch\/index.php?rest_route=\/wp\/v2\/users\/1"}],"replies":[{"embeddable":true,"href":"https:\/\/solarvelo.ch\/index.php?rest_route=%2Fwp%2Fv2%2Fcomments&post=161"}],"version-history":[{"count":10,"href":"https:\/\/solarvelo.ch\/index.php?rest_route=\/wp\/v2\/pages\/161\/revisions"}],"predecessor-version":[{"id":276,"href":"https:\/\/solarvelo.ch\/index.php?rest_route=\/wp\/v2\/pages\/161\/revisions\/276"}],"wp:attachment":[{"href":"https:\/\/solarvelo.ch\/index.php?rest_route=%2Fwp%2Fv2%2Fmedia&parent=161"}],"curies":[{"name":"wp","href":"https:\/\/api.w.org\/{rel}","templated":true}]}}