{"id":289,"date":"2022-03-14T10:34:02","date_gmt":"2022-03-14T09:34:02","guid":{"rendered":"http:\/\/solarvelo.ch\/?page_id=289"},"modified":"2022-03-14T10:34:02","modified_gmt":"2022-03-14T09:34:02","slug":"wiki","status":"publish","type":"page","link":"https:\/\/solarvelo.ch\/?page_id=289","title":{"rendered":"Wiki"},"content":{"rendered":"\n<p>Hier poste ich Beitr\u00e4ge zu Themen wie Solarpanels, Elektrowissen, Beleuchtung, Akkus, BMS, Motoren usw&#8230;<\/p>\n\n\n\n<h3 class=\"wp-block-heading\"><strong>Einfach Erkl\u00e4rt: Das Solarfahrrad<\/strong><\/h3>\n\n\n\n<p>Der Unterschied von einem Solar-E-Bike\u00a0 zu einem gew\u00f6hnlichen E-Velo ist eigentlich nur, dass es zus\u00e4tzlich ein Solarpanel und einen Laderegler montiert hat. So gesagt, h\u00e4ngt man Anstelle des normalen Netzladeger\u00e4tes einfach ein Solarpanel mit Laderegler an.<\/p>\n\n\n\n<figure class=\"wp-block-image size-large\"><img loading=\"lazy\" decoding=\"async\" width=\"1024\" height=\"724\" src=\"https:\/\/solarvelo.ch\/wp-content\/uploads\/2022\/03\/doc00065020220309115007_001-Kopie-1024x724.jpg\" alt=\"\" class=\"wp-image-292\" srcset=\"https:\/\/solarvelo.ch\/wp-content\/uploads\/2022\/03\/doc00065020220309115007_001-Kopie-1024x724.jpg 1024w, https:\/\/solarvelo.ch\/wp-content\/uploads\/2022\/03\/doc00065020220309115007_001-Kopie-300x212.jpg 300w, https:\/\/solarvelo.ch\/wp-content\/uploads\/2022\/03\/doc00065020220309115007_001-Kopie-768x543.jpg 768w, https:\/\/solarvelo.ch\/wp-content\/uploads\/2022\/03\/doc00065020220309115007_001-Kopie-1536x1086.jpg 1536w, https:\/\/solarvelo.ch\/wp-content\/uploads\/2022\/03\/doc00065020220309115007_001-Kopie-2048x1448.jpg 2048w\" sizes=\"auto, (max-width: 767px) 89vw, (max-width: 1000px) 54vw, (max-width: 1071px) 543px, 580px\" \/><\/figure>\n\n\n\n<p><a href=\"https:\/\/www.thesuntrip.com\/wp-content\/uploads\/2020\/04\/schema-vae-scaled.jpg\" target=\"_blank\" rel=\"noreferrer noopener\">Ein Etwas komplexeres Schema mit Cycle Analyst befindet sich auf der Suntrip Website.<\/a><\/p>\n\n\n\n<p><strong>Kann das Solarpanel auch w\u00e4hrend dem Fahren laden?<\/strong><\/p>\n\n\n\n<p>Ja nat\u00fcrlich. Akku Laderegler und Motorsteuerung h\u00e4ngen am gleichen Punkt. Der Strom fliesst dort hin wo er kann, respektive die tiefste Spannung herrscht.<br>Beispiel: Ich fahre fast ohne Motorunterst\u00fctzung, die Sonne scheint voll und bringt 100Watt der Motor braucht 60 Watt meine Batterie ist bei 40 Volt 80% geladen. Es hat also Platz in der Batterie und die 40 Watt die nicht direkt zum Motor gehen landen in der Batterie. Meist ist es aber so, dass der Strom von der Sonne nur in der Pause den Akku f\u00fcllt \ud83d\ude09<\/p>\n\n\n\n<p><strong>Was passiert wenn der Akku Voll ist?<\/strong><\/p>\n\n\n\n<p>Ein 36volt Li-ion Akku ist bei 42Volt voll. Der Laderegler ist auf die Batterie eingestellt und liefert max. 42 Volt. Da die Batterie Voll ist, fliesst kein Strom mehr vom Laderegler zur Batterie. Also fliesst auch kein Storm mehr von der Solarzelle zum Laderegler. Die Solarzelle erreicht ihre Maximale Spannung. Bei dieser Spannung gibt sie keinen Strom mehr ab, da die Elektronen die von den Photonen aus dem Kristall freigesetzt werden selber wider an ihren Platz zur\u00fcckfallen. Einfach gesagt, die Solarzelle wird etwas w\u00e4rmer.<\/p>\n\n\n\n<p><strong>Eignet sich jedes E-Bike zum Umbau auf Solar?<\/strong><\/p>\n\n\n\n<p>Leider Nein. Oder mit zu viel Aufwand. Am besten eignen sich offene Systeme, d.h. es gibt keine \u00fcber Canbus verbundene Kommunikation zwischen den Komponenten Akku, Ladeger\u00e4t, Display, Motorcontroller. Billigfahrr\u00e4der sind meist so. Wenn das Ladeger\u00e4t nur 2 Pins (+ und-) Anschluss hat, kann mit Solar direkt geladen werden. (mit der Einschr\u00e4nkung dass meist eine dual Port BMS (Schutzelektronik des Akkus) verbaut ist und der Ladeanschluss max. 5A Strom vertr\u00e4gt)<\/p>\n\n\n\n<p>Die grossen Motor Marken wie Panasonic, Yahama, Shimano Etc.. Eignen sich meistens nicht. Beim Bosch System, kann wenigstens ein 2ter Akku mitgef\u00fchrt und direkt Solar geladen werden.<\/p>\n\n\n\n<p>Nat\u00fcrlich, kann mit Sonne ein Zwischenakku geladen und ein Wechselrichter welcher das Neztladeger\u00e4t versorgt angeschlossen werden. Geht doch! F\u00fcr Eine station\u00e4re L\u00f6sung oder zum Nachladen im Campingbus ist das Ok, aber die Verluste und das Zusatzgewicht sind zum Reisen zu gross.<br>Ein cooles Beispiel dazu ist meine <a href=\"https:\/\/solarvelo.ch\/?p=108\" target=\"_blank\" rel=\"noreferrer noopener\">Solaranh\u00e4nger Ladestation<\/a> die ich vor ein paar Jahren gebaut habe.<\/p>\n","protected":false},"excerpt":{"rendered":"<p>Hier poste ich Beitr\u00e4ge zu Themen wie Solarpanels, Elektrowissen, Beleuchtung, Akkus, BMS, Motoren usw&#8230; Einfach Erkl\u00e4rt: Das Solarfahrrad Der Unterschied von einem Solar-E-Bike\u00a0 zu einem gew\u00f6hnlichen E-Velo ist eigentlich nur, dass es zus\u00e4tzlich ein Solarpanel und einen Laderegler montiert hat. So gesagt, h\u00e4ngt man Anstelle des normalen Netzladeger\u00e4tes einfach ein Solarpanel mit Laderegler an. Ein &hellip; <\/p>\n<p class=\"link-more\"><a href=\"https:\/\/solarvelo.ch\/?page_id=289\" class=\"more-link\"><span class=\"screen-reader-text\">\u201eWiki\u201c<\/span> weiterlesen<\/a><\/p>\n","protected":false},"author":1,"featured_media":0,"parent":0,"menu_order":0,"comment_status":"closed","ping_status":"closed","template":"","meta":{"footnotes":""},"class_list":["post-289","page","type-page","status-publish","hentry"],"_links":{"self":[{"href":"https:\/\/solarvelo.ch\/index.php?rest_route=\/wp\/v2\/pages\/289","targetHints":{"allow":["GET"]}}],"collection":[{"href":"https:\/\/solarvelo.ch\/index.php?rest_route=\/wp\/v2\/pages"}],"about":[{"href":"https:\/\/solarvelo.ch\/index.php?rest_route=\/wp\/v2\/types\/page"}],"author":[{"embeddable":true,"href":"https:\/\/solarvelo.ch\/index.php?rest_route=\/wp\/v2\/users\/1"}],"replies":[{"embeddable":true,"href":"https:\/\/solarvelo.ch\/index.php?rest_route=%2Fwp%2Fv2%2Fcomments&post=289"}],"version-history":[{"count":3,"href":"https:\/\/solarvelo.ch\/index.php?rest_route=\/wp\/v2\/pages\/289\/revisions"}],"predecessor-version":[{"id":294,"href":"https:\/\/solarvelo.ch\/index.php?rest_route=\/wp\/v2\/pages\/289\/revisions\/294"}],"wp:attachment":[{"href":"https:\/\/solarvelo.ch\/index.php?rest_route=%2Fwp%2Fv2%2Fmedia&parent=289"}],"curies":[{"name":"wp","href":"https:\/\/api.w.org\/{rel}","templated":true}]}}