{"id":296,"date":"2022-03-14T10:49:23","date_gmt":"2022-03-14T09:49:23","guid":{"rendered":"http:\/\/solarvelo.ch\/?page_id=296"},"modified":"2022-03-14T10:49:23","modified_gmt":"2022-03-14T09:49:23","slug":"laderegler","status":"publish","type":"page","link":"https:\/\/solarvelo.ch\/?page_id=296","title":{"rendered":"Laderegler"},"content":{"rendered":"\n<p>Es gibt grob gesagt 3 Arten von Ladereglern<\/p>\n\n\n\n<figure class=\"wp-block-image size-full is-resized\"><img decoding=\"async\" src=\"https:\/\/solarvelo.ch\/wp-content\/uploads\/2022\/03\/mpt-7210A-edited.jpg\" alt=\"\" class=\"wp-image-298\" width=\"372\" srcset=\"https:\/\/solarvelo.ch\/wp-content\/uploads\/2022\/03\/mpt-7210A-edited.jpg 530w, https:\/\/solarvelo.ch\/wp-content\/uploads\/2022\/03\/mpt-7210A-edited-300x225.jpg 300w\" sizes=\"(max-width: 530px) 100vw, 530px\" \/><figcaption>Kaufen sie diesen Regler nicht! Kein echter Mppt Regler.<br>Als Speisger\u00e4t f\u00fcr Experimente OK.<\/figcaption><\/figure>\n\n\n\n<p><\/p>\n\n\n\n<p><strong>PWM<\/strong><\/p>\n\n\n\n<p>Panelspannung h\u00f6her als Batteriespannung. PWM Regler sind die absolut billigsten Laderegler. Einfach gesagt legen sie einfach einen Schalter vom Panel zur Batterie um und wenn die Spannung \u00fcber die Sollspannung steigt \u00f6ffnen sie diesen wider. Beispiel eines Solarkits der so verkauft und auf dem Bus meines Bruders installiert wurde: Das Solarpanel hat bei 36V ein Strom von 6 Amper also 216Watt Leistung. Wir laden eine 12V Batterie. Die Spannung wird durch das Schliessen des Schalters von 36 auf 12 Volt heruntergezogen. Der Strom von 6A bleibt gleich. Die Ladeleistung betr\u00e4gt also 6A *12V=72Watt. Die Andern 144 Watt gehen im Panel als zus\u00e4tzliche W\u00e4rme fl\u00f6ten.<br>Ein PWM Regler hat aber seine Berechtigung und zwar dann wenn es m\u00f6glich ist die Panelspannung nahe der Batteriespannung zu w\u00e4hlen, dann ist er bei hohem Wirkungsgrad unschlagbar g\u00fcnstig.<\/p>\n\n\n\n<p><strong>Mppt<\/strong><\/p>\n\n\n\n<p>Mppt steht f\u00fcr Maximum Power Tracking. In Deutsch: Sucht den Punkt der Maximalen Leistung. Diese Regler haben eine Transformer Einheit verbaut und suchen immer den Punkt wo die Spannung und der Strom vom Panel am h\u00f6chsten sind. Die Mppt Spannung ist bei einem Panel auf der Etikette aufgedruckt. Entscheidend ob ein Mppt Regler was taugt, ist der Wirkungsgrad der Trafo Einheit und die Geschwindigkeit des Trackings. Manche Regler brauchen daf\u00fcr mehrere Sekunden w\u00e4hrend andere es 2000 mal in der gleichen Zeit tun.<\/p>\n\n\n\n<p><strong>Mppt Step down<\/strong><\/p>\n\n\n\n<p>Step Down Regler werden vorwiegend station\u00e4r eigesetzt. Gerade f\u00fcr 12V finden sich kaum Solarpaneele welche eine Tiefere Spannung liefern. Die Spannung wird \u00fcber eine Drossel heruntertransformiert. Der Wirkungsgrad ist irgendwo zwischen 80-92% und auch abh\u00e4ngig von der zu bew\u00e4ltigenden Spannungsdifferenz.<\/p>\n\n\n\n<p><strong>Mppt Step up<\/strong><\/p>\n\n\n\n<p>Genau umgekehrt wie der Step down. F\u00fcrs Solarvelo die ideale L\u00f6sung. Der Wirkungsgrad liegt mit 95-99% nicht unwesentlich h\u00f6her. F\u00fchrend sind hier die Amis mit dem Genasun. Preiswerte und auch sehr gute Chinesische Regler k\u00f6nnen bei mir bestellt werden.<\/p>\n","protected":false},"excerpt":{"rendered":"<p>Es gibt grob gesagt 3 Arten von Ladereglern PWM Panelspannung h\u00f6her als Batteriespannung. PWM Regler sind die absolut billigsten Laderegler. Einfach gesagt legen sie einfach einen Schalter vom Panel zur Batterie um und wenn die Spannung \u00fcber die Sollspannung steigt \u00f6ffnen sie diesen wider. Beispiel eines Solarkits der so verkauft und auf dem Bus meines &hellip; <\/p>\n<p class=\"link-more\"><a href=\"https:\/\/solarvelo.ch\/?page_id=296\" class=\"more-link\"><span class=\"screen-reader-text\">\u201eLaderegler\u201c<\/span> weiterlesen<\/a><\/p>\n","protected":false},"author":1,"featured_media":0,"parent":0,"menu_order":0,"comment_status":"closed","ping_status":"closed","template":"","meta":{"footnotes":""},"class_list":["post-296","page","type-page","status-publish","hentry"],"_links":{"self":[{"href":"https:\/\/solarvelo.ch\/index.php?rest_route=\/wp\/v2\/pages\/296","targetHints":{"allow":["GET"]}}],"collection":[{"href":"https:\/\/solarvelo.ch\/index.php?rest_route=\/wp\/v2\/pages"}],"about":[{"href":"https:\/\/solarvelo.ch\/index.php?rest_route=\/wp\/v2\/types\/page"}],"author":[{"embeddable":true,"href":"https:\/\/solarvelo.ch\/index.php?rest_route=\/wp\/v2\/users\/1"}],"replies":[{"embeddable":true,"href":"https:\/\/solarvelo.ch\/index.php?rest_route=%2Fwp%2Fv2%2Fcomments&post=296"}],"version-history":[{"count":1,"href":"https:\/\/solarvelo.ch\/index.php?rest_route=\/wp\/v2\/pages\/296\/revisions"}],"predecessor-version":[{"id":300,"href":"https:\/\/solarvelo.ch\/index.php?rest_route=\/wp\/v2\/pages\/296\/revisions\/300"}],"wp:attachment":[{"href":"https:\/\/solarvelo.ch\/index.php?rest_route=%2Fwp%2Fv2%2Fmedia&parent=296"}],"curies":[{"name":"wp","href":"https:\/\/api.w.org\/{rel}","templated":true}]}}