{"id":30,"date":"2020-06-22T11:08:19","date_gmt":"2020-06-22T09:08:19","guid":{"rendered":"http:\/\/solarvelo.ch\/?page_id=30"},"modified":"2021-02-01T17:30:45","modified_gmt":"2021-02-01T16:30:45","slug":"suntrip-2018","status":"publish","type":"page","link":"https:\/\/solarvelo.ch\/?page_id=30","title":{"rendered":"Suntrip 2018"},"content":{"rendered":"\n<figure class=\"wp-block-image size-large\"><img loading=\"lazy\" decoding=\"async\" width=\"1024\" height=\"683\" src=\"https:\/\/solarvelo.ch\/wp-content\/uploads\/2020\/08\/DSC03245-1024x683.jpg\" alt=\"\" class=\"wp-image-69\" srcset=\"https:\/\/solarvelo.ch\/wp-content\/uploads\/2020\/08\/DSC03245-1024x683.jpg 1024w, https:\/\/solarvelo.ch\/wp-content\/uploads\/2020\/08\/DSC03245-300x200.jpg 300w, https:\/\/solarvelo.ch\/wp-content\/uploads\/2020\/08\/DSC03245-768x512.jpg 768w, https:\/\/solarvelo.ch\/wp-content\/uploads\/2020\/08\/DSC03245-1536x1024.jpg 1536w, https:\/\/solarvelo.ch\/wp-content\/uploads\/2020\/08\/DSC03245-2048x1365.jpg 2048w\" sizes=\"auto, (max-width: 767px) 89vw, (max-width: 1000px) 54vw, (max-width: 1071px) 543px, 580px\" \/><\/figure>\n\n\n\n<p>Im Sommer 2018 habe ich mit meinem Selbstgebauten Solarvelo erfolgreich am Suntrip 2018 von Lyon (Frankreich) nach Guangzhou (China) Teilgenommen. F\u00fcr die Strecke von insgesamt 13&#8217;500km habe ich 77 Tage gebraucht.<br>Die Rally Bedingungen:<br>-Freie Routenwahl<br>-Kein Ladeger\u00e4t (nur Solarstrom und Muskelkraft)<br>-Biwakausr\u00fcstug<br>-Ohne Begleitung<br>-Zeitlimit 100 Tage<\/p>\n\n\n\n<figure class=\"wp-block-image size-large\"><img loading=\"lazy\" decoding=\"async\" width=\"804\" height=\"278\" src=\"https:\/\/solarvelo.ch\/wp-content\/uploads\/2020\/08\/map-route-suntrip.jpg\" alt=\"\" class=\"wp-image-73\" srcset=\"https:\/\/solarvelo.ch\/wp-content\/uploads\/2020\/08\/map-route-suntrip.jpg 804w, https:\/\/solarvelo.ch\/wp-content\/uploads\/2020\/08\/map-route-suntrip-300x104.jpg 300w, https:\/\/solarvelo.ch\/wp-content\/uploads\/2020\/08\/map-route-suntrip-768x266.jpg 768w\" sizes=\"auto, (max-width: 767px) 89vw, (max-width: 1000px) 54vw, (max-width: 1071px) 543px, 580px\" \/><figcaption>Route welche ich und viele andere gew\u00e4hlt haben.<\/figcaption><\/figure>\n\n\n\n<p>Am Start dabei waren insgesamt knapp 40 Fahrzeuge. Davon sind 14 innerhalb der Bedingungen angekommen.  (ohne Ladeger\u00e4t und ohne Transport) Insgesamt geschafft haben es etwas \u00fcber 20 Fahrzeuge. Einige haben in Almaty (Osten von Kasachstan) aufgeh\u00f6rt. J\u00fcrgen und Emeric zb. haben eine Sch\u00f6ne Rundreise daraus gemacht als sie wegen technischer Probleme realisierten, dass China nicht mehr erreichbar ist und sind \u00fcbers Kaspische Meer die S\u00fcdroute durch die T\u00fcrkei nach hause gefahren.<\/p>\n\n\n\n<figure class=\"wp-block-image size-large\"><img loading=\"lazy\" decoding=\"async\" width=\"1024\" height=\"683\" src=\"https:\/\/solarvelo.ch\/wp-content\/uploads\/2020\/08\/DSC01987-Export-1024x683.jpg\" alt=\"\" class=\"wp-image-68\" srcset=\"https:\/\/solarvelo.ch\/wp-content\/uploads\/2020\/08\/DSC01987-Export-1024x683.jpg 1024w, https:\/\/solarvelo.ch\/wp-content\/uploads\/2020\/08\/DSC01987-Export-300x200.jpg 300w, https:\/\/solarvelo.ch\/wp-content\/uploads\/2020\/08\/DSC01987-Export-768x512.jpg 768w, https:\/\/solarvelo.ch\/wp-content\/uploads\/2020\/08\/DSC01987-Export-1536x1024.jpg 1536w, https:\/\/solarvelo.ch\/wp-content\/uploads\/2020\/08\/DSC01987-Export-2048x1365.jpg 2048w\" sizes=\"auto, (max-width: 767px) 89vw, (max-width: 1000px) 54vw, (max-width: 1071px) 543px, 580px\" \/><figcaption>Ankunft in Guangzhou<\/figcaption><\/figure>\n\n\n\n<p>Mein Fotobuch ist fertig und als PDF zum herunterladen und teilen. Viel Spass beim lesen!<\/p>\n\n\n\n<div class=\"wp-block-buttons is-layout-flex wp-block-buttons-is-layout-flex\">\n<div class=\"wp-block-button\"><a class=\"wp-block-button__link\" href=\"https:\/\/solarvelo.ch\/wp-content\/uploads\/2021\/02\/Fotobuch-Suntrip-2018-Daniel-Jenni-Druckerfreundlich.pdf\">Fotobuch Suntrip 2018 Daniel Jenni<\/a><\/div>\n<\/div>\n\n\n\n<p>In der Zwischenzeit kann man sich die st\u00fcndige Doku auf Youtube anschauen welche Florian Bailly, Gr\u00fcnder des Suntrip gemacht hat. Viel Spass beim Eintauchen ins Abenteuer!<\/p>\n\n\n\n<figure class=\"wp-block-embed-youtube wp-block-embed is-type-video is-provider-youtube wp-embed-aspect-16-9 wp-has-aspect-ratio\"><div class=\"wp-block-embed__wrapper\">\n<iframe loading=\"lazy\" title=\"Full movie : Sun Trip 2018 Lyon-Canton\" width=\"525\" height=\"295\" src=\"https:\/\/www.youtube.com\/embed\/P1LB0jPh7QQ?feature=oembed\" frameborder=\"0\" allow=\"accelerometer; autoplay; clipboard-write; encrypted-media; gyroscope; picture-in-picture; web-share\" referrerpolicy=\"strict-origin-when-cross-origin\" allowfullscreen><\/iframe>\n<\/div><\/figure>\n\n\n\n<p><\/p>\n\n\n\n<p>Unter Folgendem Link gelangt man direkt zur Fotogalerie<\/p>\n\n\n\n<div class=\"wp-block-buttons is-layout-flex wp-block-buttons-is-layout-flex\">\n<div class=\"wp-block-button\"><a class=\"wp-block-button__link\" href=\"https:\/\/www.thesuntrip.com\/galeries\/galerie-2018\/\">Fotogalerie auf der Suntrip Seite<\/a><\/div>\n<\/div>\n\n\n\n<p><\/p>\n","protected":false},"excerpt":{"rendered":"<p>Im Sommer 2018 habe ich mit meinem Selbstgebauten Solarvelo erfolgreich am Suntrip 2018 von Lyon (Frankreich) nach Guangzhou (China) Teilgenommen. F\u00fcr die Strecke von insgesamt 13&#8217;500km habe ich 77 Tage gebraucht.Die Rally Bedingungen:-Freie Routenwahl-Kein Ladeger\u00e4t (nur Solarstrom und Muskelkraft)-Biwakausr\u00fcstug-Ohne Begleitung-Zeitlimit 100 Tage Am Start dabei waren insgesamt knapp 40 Fahrzeuge. Davon sind 14 innerhalb der &hellip; <\/p>\n<p class=\"link-more\"><a href=\"https:\/\/solarvelo.ch\/?page_id=30\" class=\"more-link\"><span class=\"screen-reader-text\">\u201eSuntrip 2018\u201c<\/span> weiterlesen<\/a><\/p>\n","protected":false},"author":1,"featured_media":0,"parent":0,"menu_order":0,"comment_status":"closed","ping_status":"closed","template":"","meta":{"footnotes":""},"class_list":["post-30","page","type-page","status-publish","hentry"],"_links":{"self":[{"href":"https:\/\/solarvelo.ch\/index.php?rest_route=\/wp\/v2\/pages\/30","targetHints":{"allow":["GET"]}}],"collection":[{"href":"https:\/\/solarvelo.ch\/index.php?rest_route=\/wp\/v2\/pages"}],"about":[{"href":"https:\/\/solarvelo.ch\/index.php?rest_route=\/wp\/v2\/types\/page"}],"author":[{"embeddable":true,"href":"https:\/\/solarvelo.ch\/index.php?rest_route=\/wp\/v2\/users\/1"}],"replies":[{"embeddable":true,"href":"https:\/\/solarvelo.ch\/index.php?rest_route=%2Fwp%2Fv2%2Fcomments&post=30"}],"version-history":[{"count":6,"href":"https:\/\/solarvelo.ch\/index.php?rest_route=\/wp\/v2\/pages\/30\/revisions"}],"predecessor-version":[{"id":194,"href":"https:\/\/solarvelo.ch\/index.php?rest_route=\/wp\/v2\/pages\/30\/revisions\/194"}],"wp:attachment":[{"href":"https:\/\/solarvelo.ch\/index.php?rest_route=%2Fwp%2Fv2%2Fmedia&parent=30"}],"curies":[{"name":"wp","href":"https:\/\/api.w.org\/{rel}","templated":true}]}}