{"id":301,"date":"2022-03-14T10:51:59","date_gmt":"2022-03-14T09:51:59","guid":{"rendered":"http:\/\/solarvelo.ch\/?page_id=301"},"modified":"2022-03-14T10:51:59","modified_gmt":"2022-03-14T09:51:59","slug":"solarpanels","status":"publish","type":"page","link":"https:\/\/solarvelo.ch\/?page_id=301","title":{"rendered":"Solarpanels"},"content":{"rendered":"\n<p><\/p>\n\n\n\n<p>Massgebend sind hier die Faktoren Gewicht und Leistung pro Fl\u00e4che. Glaspanels wie f\u00fcr aufs Dach sind eher ungeeignet. Es gibt auch welche auf Alublech doch die meisten sind sogenannte Flexible Solarpanels in Kunstsoff, die bei den Chinesen sehr g\u00fcnstig zu haben sind.<\/p>\n\n\n\n<p>Normalerweise bringen sie ungef\u00e4hr die Leistung die versprochen wird, doch die Freude reicht ca. bis ans Ende eines grossen Suntrips. Nicht nur Sunpower, sondern auch ein Chinesischer Hersteller produziert back contact Zellen. Das meiste was aus China kommt und Sunpower angepriesen wird, ist es nicht. Der Unterschied liegt bei der Stabilit\u00e4t der Zellen und den Verbindungsdr\u00e4hten die nicht flexibel gestaltet sind und mit der Zeit die Kontaktstelle an der Zelle ausreissen. Bei Manchen Modulen sieht man schon, dass die Zellen von der Produktion her Risse haben. Zum Testen und erste Erfahrungen sammeln sind die Module Ok.<\/p>\n\n\n\n<p>Auch Original Sunpower Zellen sind nicht unzerst\u00f6rbar und sollten gut unterst\u00fctz sein. Jegliches Flattern und vibrieren wirkt sch\u00e4digend auf das Modul. Meine Philosophie ist deshalb mehrere kleinere Module zu verwenden und diese einzeln auf der Konstruktion abzust\u00fctzen. Kleinere Module bieten auch bessere Gestaltungsm\u00f6glichkeiten und sind einzeln ersetzbar. Ein Namhafter Hersteller von Modulen ist die Firma Solbian in Italien. Die Qualit\u00e4t hat aber ihren Preis.<\/p>\n","protected":false},"excerpt":{"rendered":"<p>Massgebend sind hier die Faktoren Gewicht und Leistung pro Fl\u00e4che. Glaspanels wie f\u00fcr aufs Dach sind eher ungeeignet. Es gibt auch welche auf Alublech doch die meisten sind sogenannte Flexible Solarpanels in Kunstsoff, die bei den Chinesen sehr g\u00fcnstig zu haben sind. Normalerweise bringen sie ungef\u00e4hr die Leistung die versprochen wird, doch die Freude reicht &hellip; <\/p>\n<p class=\"link-more\"><a href=\"https:\/\/solarvelo.ch\/?page_id=301\" class=\"more-link\"><span class=\"screen-reader-text\">\u201eSolarpanels\u201c<\/span> weiterlesen<\/a><\/p>\n","protected":false},"author":1,"featured_media":0,"parent":0,"menu_order":0,"comment_status":"closed","ping_status":"closed","template":"","meta":{"footnotes":""},"class_list":["post-301","page","type-page","status-publish","hentry"],"_links":{"self":[{"href":"https:\/\/solarvelo.ch\/index.php?rest_route=\/wp\/v2\/pages\/301","targetHints":{"allow":["GET"]}}],"collection":[{"href":"https:\/\/solarvelo.ch\/index.php?rest_route=\/wp\/v2\/pages"}],"about":[{"href":"https:\/\/solarvelo.ch\/index.php?rest_route=\/wp\/v2\/types\/page"}],"author":[{"embeddable":true,"href":"https:\/\/solarvelo.ch\/index.php?rest_route=\/wp\/v2\/users\/1"}],"replies":[{"embeddable":true,"href":"https:\/\/solarvelo.ch\/index.php?rest_route=%2Fwp%2Fv2%2Fcomments&post=301"}],"version-history":[{"count":1,"href":"https:\/\/solarvelo.ch\/index.php?rest_route=\/wp\/v2\/pages\/301\/revisions"}],"predecessor-version":[{"id":303,"href":"https:\/\/solarvelo.ch\/index.php?rest_route=\/wp\/v2\/pages\/301\/revisions\/303"}],"wp:attachment":[{"href":"https:\/\/solarvelo.ch\/index.php?rest_route=%2Fwp%2Fv2%2Fmedia&parent=301"}],"curies":[{"name":"wp","href":"https:\/\/api.w.org\/{rel}","templated":true}]}}